{"id":32,"date":"2019-12-16T21:03:33","date_gmt":"2019-12-16T20:03:33","guid":{"rendered":"http:\/\/brouilleursdecoutes.com\/?page_id=32"},"modified":"2026-01-21T08:36:25","modified_gmt":"2026-01-21T07:36:25","slug":"nos-escales","status":"publish","type":"page","link":"https:\/\/brouilleursdecoutes.com\/?page_id=32","title":{"rendered":"Nos bord\u00e9es"},"content":{"rendered":"\n<h1 class=\"wp-block-heading\"> 2025<\/h1>\n\n\n\n<h2 class=\"wp-block-heading\"><\/h2>\n\n\n\n<ul class=\"wp-block-list\">\n<li>26\/03 : Pub Mc Nulty\u2019s La Rochelle, 20h30, 9 rue verdi\u00e8re.\u00a0<\/li>\n\n\n\n<li>9\/05 : Sc\u00e8ne ouverte chez Tonton Binouz, rue des 3 fr\u00e8res La Rochelle 20h<\/li>\n\n\n\n<li>8\/06 : Guinguette La Belle du Gabut La Rochelle. 18 \u00e0 21h<\/li>\n\n\n\n<li>21et 22\/06 : Oban International Sea Shanty Festival ( \u00c9cosse)\u00a0<a href=\"https:\/\/oban-shanty.weebly.com\/\">https:\/\/oban-shanty.weebly.com\/<\/a><\/li>\n\n\n\n<li>12\/07 : F\u00eate du port du plomb. L\u2019houmeau<\/li>\n\n\n\n<li>29, 30, 31\/07 : Campings Huttopia, \u00eele de R\u00e9<\/li>\n\n\n\n<li>15\/08 : La grande bord\u00e9e. Les sables d\u2019Olonne<\/li>\n\n\n\n<li>19, 20, 21\/08 : Campings Huttopia, \u00eele de R\u00e9\u00a0<\/li>\n\n\n\n<li>29\/08 : Concert Longwy<\/li>\n<\/ul>\n\n\n\n<p class=\"has-large-font-size\">2024<\/p>\n\n\n\n<ul class=\"wp-block-list\">\n<li>Mc Nulty\u2019s Irish pub, La Rochelle<\/li>\n\n\n\n<li>Festival international de chants de marin. Ostende Belgique<\/li>\n\n\n\n<li>The irishman pub. Paris<\/li>\n\n\n\n<li>La dame de canton. Paris<\/li>\n\n\n\n<li>F\u00eates maritimes de La Rochelle<\/li>\n\n\n\n<li>La citadelle en bord\u00e9e Dunkerque <\/li>\n\n\n\n<li>F\u00eate du port de Meschers sur Gironde<\/li>\n\n\n\n<li>Festival Les grandes mar\u00e9es. L\u2019aiguillon-sur-mer 85<\/li>\n\n\n\n<li>Camping Huttopia ( Les chardons bleus, Aers-en R\u00e9, C\u00f4te sauvage)<\/li>\n\n\n\n<li>Bistrot de la place. Nieul sur mer 17<\/li>\n<\/ul>\n\n\n\n<h2 class=\"wp-block-heading\">2023<\/h2>\n\n\n\n<ul class=\"wp-block-list\">\n<li>International Shanty Festival, FALMOUTH, GB<\/li>\n\n\n\n<li>F\u00eate du port de la Tremblade<\/li>\n\n\n\n<li>Festival du chants marins, PAIMPOL, Fr<\/li>\n\n\n\n<li>Port en f\u00eate du Diben, Plougasnou <\/li>\n\n\n\n<li>Campings Huttopia Ars en R\u00e9, St. Marie en R\u00e9, C\u00f4te Sauvage<\/li>\n\n\n\n<li>Le Bistrot de la Place, Nieul \/ Mer (17)<\/li>\n\n\n\n<li>International Shanty Festival, HARWICH, GB<\/li>\n<\/ul>\n\n\n\n<h2 class=\"wp-block-heading\">2022<\/h2>\n\n\n\n<ul class=\"wp-block-list\">\n<li>International Sea Shanty Festival, Oban Ecosse<\/li>\n\n\n\n<li>Festival Maritim, Vegesack-Br\u00eame, Allemagne<\/li>\n\n\n\n<li><s>International Shanty Festival, HARWICH, GB <\/s><\/li>\n\n\n\n<li>Camping Huttopia Ars en R\u00e9, St. Marie en R\u00e9<\/li>\n\n\n\n<li>Guignette <em>La Bonne Planquette<\/em>, La Rochelle <\/li>\n<\/ul>\n\n\n\n<h2 class=\"wp-block-heading\" id=\"2021\">2021<\/h2>\n\n\n\n<ul class=\"wp-block-list\">\n<li>Bie Daip Internationaal Folk &amp; Sea songs festival, APPINGEDAM&nbsp; NL<\/li>\n\n\n\n<li>Glasgow Singaround (Tom en solo)<\/li>\n\n\n\n<li>International Shanty festival, Oban \u00c9cosse (en virtuelle)<\/li>\n\n\n\n<li>International Shanty Festival, FALMOUTH, GB (en virtuelle)<\/li>\n\n\n\n<li>Les Hermionades : La journ\u00e9e des Gabiers. La fr\u00e9gate l\u2019Hermione Rochefort \/ Mer(17)<\/li>\n\n\n\n<li>Camping Huttopia Ars en R\u00e9, St. Marie en R\u00e9 <\/li>\n<\/ul>\n\n\n\n<p><\/p>\n\n\n\n<h2 class=\"wp-block-heading\" id=\"2020\">2020<\/h2>\n\n\n\n<div class=\"wp-block-group\"><div class=\"wp-block-group__inner-container is-layout-flow wp-block-group-is-layout-flow\">\n<ul class=\"wp-block-list\">\n<li>Les 7-9 de l&rsquo;Hermione, A bord l&rsquo;Hermione, Rochefort \/ Mer (17)<\/li>\n\n\n\n<li>Concert au b\u00e9n\u00e9fice des Restos du C\u0153ur , Saint Rogation (17)<\/li>\n<\/ul>\n<\/div><\/div>\n\n\n\n<h2 class=\"wp-block-heading\" id=\"2019\">2019<\/h2>\n\n\n\n<ul class=\"wp-block-list\">\n<li>La f\u00eate de l&rsquo;huitre et des coquillages, Les Nuits Saint Georges (21)<\/li>\n\n\n\n<li>Le Grand Festin, Ile d&rsquo;Yeu (85)<\/li>\n\n\n\n<li>Bie Daip Internationaal Folk &amp; Sea songs festival, APPINGEDAM&nbsp; NL<\/li>\n\n\n\n<li>Festival du chants marins, PAIMPOL, Fr<\/li>\n\n\n\n<li>Saint Marie, Ile de R\u00e9 (17), 24 et 25&nbsp; : Camping Huttopia<\/li>\n\n\n\n<li>La guinguette&nbsp; de la Belle du Gabut, La Rochelle (17)<\/li>\n\n\n\n<li>La Citadelle en Bord\u00e9es, Dunkerque<\/li>\n\n\n\n<li>Cl\u00f4ture des mercredis \u00e9clectiques de la Jarne (17)<\/li>\n<\/ul>\n\n\n\n<h2 class=\"wp-block-heading\" id=\"2018\">2018<\/h2>\n\n\n\n<ul class=\"wp-block-list\">\n<li>Soir\u00e9e Moules-Frites, Maurecourt (78)<\/li>\n\n\n\n<li>Bie Daip Internationaal Folk &amp; Sea songs festival, APPINGEDAM  NL<\/li>\n\n\n\n<li>Cl\u00f4ture des mercredis \u00e9clectiques de la Jarne (17)<\/li>\n\n\n\n<li>La guinguette  de la Belle du Gabut, La Rochelle (17)<\/li>\n\n\n\n<li>Les 7-9 de l&rsquo;Hermione, \u00e0 bord,  Rochefort \/ Mer (17)<\/li>\n\n\n\n<li>F\u00eate du Port de Plomb, Neuil (17)<\/li>\n\n\n\n<li>International Shanty Festival, FALMOUTH, GB<\/li>\n<\/ul>\n\n\n\n<h2 class=\"wp-block-heading\" id=\"2017\">2017<\/h2>\n\n\n\n<ul class=\"wp-block-list\">\n<li>International Shanty Festival, HARWICH, GB  <\/li>\n\n\n\n<li>Festival de Chants Marin, La Godaille Rochelaise  <\/li>\n\n\n\n<li>Bie Daip Internationaal Folk &amp; Sea songs festival, APPINGEDAM  NL  <\/li>\n\n\n\n<li>Festival du chants marins, PAIMPOL, Fr  <\/li>\n\n\n\n<li>Cl\u00f4ture des mercredis \u00e9clectiques de la Jarne (17)  <\/li>\n\n\n\n<li>Les 20 ans de L&rsquo;Hermione, Rochefort \/ Mer (17)  <\/li>\n\n\n\n<li>F\u00eate du Port de Plomb (17)  <\/li>\n\n\n\n<li>International Shanty Festival, FALMOUTH, GB  <\/li>\n\n\n\n<li>F\u00eate du Port, St Georges de Didonne (17)<\/li>\n<\/ul>\n\n\n\n<h2 class=\"wp-block-heading\" id=\"2016\">2016<\/h2>\n\n\n\n<ul class=\"wp-block-list\">\n<li>Grand Festin, Port Joinville, Ile d&rsquo;Yeu <\/li>\n\n\n\n<li> Les 7-9 de l&rsquo;Hermione, Rochefort \/ Mer<\/li>\n\n\n\n<li> Festival Maritim, Vegesack-Br\u00eame, Allemagne<\/li>\n\n\n\n<li> F\u00eates Maritimes, Brest<\/li>\n\n\n\n<li> International Shanty Festival, FALMOUTH, GB<\/li>\n\n\n\n<li> D\u00e9fi des ports de p\u00eache, Royan<\/li>\n\n\n\n<li> F\u00eate de Chants Marins, Association de la Godaille, La Rochelle <\/li>\n<\/ul>\n\n\n\n<h2 class=\"wp-block-heading\" id=\"2015\">2015<\/h2>\n\n\n\n<ul class=\"wp-block-list\">\n<li>Festival Maritim, Vegesack-Br\u00eame<\/li>\n\n\n\n<li> F\u00eate du Port du Plomb (17)<\/li>\n\n\n\n<li> Les 20 ans des Paroles des Rochelais<\/li>\n\n\n\n<li> Les Marins en concert, La Rochelle<\/li>\n\n\n\n<li> La Rochelle f\u00eate l&rsquo;Hermione<\/li>\n\n\n\n<li> Grand Pavois, La Rochelle<\/li>\n\n\n\n<li> F\u00eate de la coquille, St. Martin en R\u00e9<\/li>\n<\/ul>\n\n\n\n<h2 class=\"wp-block-heading\" id=\"2014\">2014<\/h2>\n\n\n\n<ul class=\"wp-block-list\">\n<li> Grand Festin, Port Joinville, Ile d&rsquo;Yeu (85)<\/li>\n\n\n\n<li> Hissez Oh!, Pornichet (44)<\/li>\n\n\n\n<li> Les Mercredis de La Jarne, (17)<\/li>\n\n\n\n<li>  F\u00eate de la Bonnotte, Noirmoutier (85)<\/li>\n\n\n\n<li>  La Rochelle f\u00eate les Pen Duick<\/li>\n\n\n\n<li>  Arriv\u00e9e de la course Plymouth &#8211; La Rochelle<\/li>\n\n\n\n<li>  F\u00eate du Port de St. Georges de Didonne (17)<\/li>\n\n\n\n<li>  Les 10 ans des fr\u00e8res du port, St. Marie en R\u00e9<\/li>\n\n\n\n<li>  Soir\u00e9e des chants de la mer, La Godaille Rochelaise, La Rochelle<\/li>\n<\/ul>\n\n\n\n<h2 class=\"wp-block-heading\" id=\"2013\">2013<\/h2>\n\n\n\n<ul class=\"wp-block-list\">\n<li>Grand Pavois de La Rochelle<\/li>\n<\/ul>\n\n\n\n<h2 class=\"wp-block-heading\" id=\"2012\">2012<\/h2>\n\n\n\n<ul class=\"wp-block-list\">\n<li>Tonnerres de Brest, Brest (29)<\/li>\n\n\n\n<li>Les f\u00eates de chants marins d&rsquo;IO (17)<\/li>\n\n\n\n<li>Hissez Oh!, Pornichet (44)<\/li>\n\n\n\n<li>Festival de chants marins, St. Marie en R\u00e9 (17)<\/li>\n<\/ul>\n\n\n\n<h2 class=\"wp-block-heading\" id=\"2011\">2011<\/h2>\n\n\n\n<ul class=\"wp-block-list\">\n<li>Festival du chant marin, Paimpol, <\/li>\n\n\n\n<li>Les f\u00eates de chants marins d&rsquo;IO<\/li>\n\n\n\n<li>Hissez Oh!, Pornichet<\/li>\n<\/ul>\n\n\n\n<h2 class=\"wp-block-heading\" id=\"2010\">2010<\/h2>\n\n\n\n<ul class=\"wp-block-list\">\n<li>La Citadelle en Bord\u00e9es, Dunkerque<\/li>\n<\/ul>\n\n\n\n<h2 class=\"wp-block-heading\" id=\"2009\">2009<\/h2>\n\n\n\n<ul class=\"wp-block-list\">\n<li>Festival du chant marin, Paimpol, <\/li>\n\n\n\n<li>Farandole de chants marins de La Rochelle<\/li>\n\n\n\n<li>F\u00eate du port de p\u00eache, La Rochelle<\/li>\n<\/ul>\n\n\n\n<h2 class=\"wp-block-heading\" id=\"2008\">2008<\/h2>\n\n\n\n<ul class=\"wp-block-list\">\n<li> F\u00eate du Port de Royan<\/li>\n\n\n\n<li> Farandole de chants marins de La Rochelle<\/li>\n<\/ul>\n","protected":false},"excerpt":{"rendered":"<p>2025 2024 2023 2022 2021 2020 2019 2018 2017 2016 2015 2014 2013 2012 2011 2010 2009 2008<\/p>\n","protected":false},"author":1,"featured_media":0,"parent":0,"menu_order":0,"comment_status":"closed","ping_status":"closed","template":"","meta":{"footnotes":""},"class_list":["post-32","page","type-page","status-publish","hentry"],"yoast_head":"<!-- This site is optimized with the Yoast SEO plugin v22.3 - https:\/\/yoast.com\/wordpress\/plugins\/seo\/ -->\n<title>Nos bord\u00e9es - Les Brouilleurs d&#039;Ecoutes<\/title>\n<meta name=\"robots\" content=\"index, follow, max-snippet:-1, max-image-preview:large, max-video-preview:-1\" \/>\n<link rel=\"canonical\" href=\"https:\/\/brouilleursdecoutes.com\/?page_id=32\" \/>\n<meta property=\"og:locale\" content=\"fr_FR\" \/>\n<meta property=\"og:type\" content=\"article\" \/>\n<meta property=\"og:title\" content=\"Nos bord\u00e9es - Les Brouilleurs d&#039;Ecoutes\" \/>\n<meta property=\"og:description\" content=\"2025 2024 2023 2022 2021 2020 2019 2018 2017 2016 2015 2014 2013 2012 2011 2010 2009 2008\" \/>\n<meta property=\"og:url\" content=\"https:\/\/brouilleursdecoutes.com\/?page_id=32\" \/>\n<meta property=\"og:site_name\" content=\"Les Brouilleurs d&#039;Ecoutes\" \/>\n<meta property=\"article:publisher\" content=\"https:\/\/www.facebook.com\/lesbrouilleurs4586\" \/>\n<meta property=\"article:modified_time\" content=\"2026-01-21T07:36:25+00:00\" \/>\n<meta name=\"twitter:card\" content=\"summary_large_image\" \/>\n<meta name=\"twitter:site\" content=\"@brouilleursdeco\" \/>\n<meta name=\"twitter:label1\" content=\"Dur\u00e9e de lecture estim\u00e9e\" \/>\n\t<meta name=\"twitter:data1\" content=\"3 minutes\" \/>\n<script type=\"application\/ld+json\" class=\"yoast-schema-graph\">{\"@context\":\"https:\/\/schema.org\",\"@graph\":[{\"@type\":\"WebPage\",\"@id\":\"https:\/\/brouilleursdecoutes.com\/?page_id=32\",\"url\":\"https:\/\/brouilleursdecoutes.com\/?page_id=32\",\"name\":\"Nos bord\u00e9es - Les Brouilleurs d&#039;Ecoutes\",\"isPartOf\":{\"@id\":\"https:\/\/brouilleursdecoutes.com\/#website\"},\"datePublished\":\"2019-12-16T20:03:33+00:00\",\"dateModified\":\"2026-01-21T07:36:25+00:00\",\"breadcrumb\":{\"@id\":\"https:\/\/brouilleursdecoutes.com\/?page_id=32#breadcrumb\"},\"inLanguage\":\"fr-FR\",\"potentialAction\":[{\"@type\":\"ReadAction\",\"target\":[\"https:\/\/brouilleursdecoutes.com\/?page_id=32\"]}]},{\"@type\":\"BreadcrumbList\",\"@id\":\"https:\/\/brouilleursdecoutes.com\/?page_id=32#breadcrumb\",\"itemListElement\":[{\"@type\":\"ListItem\",\"position\":1,\"name\":\"Home\",\"item\":\"https:\/\/brouilleursdecoutes.com\/\"},{\"@type\":\"ListItem\",\"position\":2,\"name\":\"Nos bord\u00e9es\"}]},{\"@type\":\"WebSite\",\"@id\":\"https:\/\/brouilleursdecoutes.com\/#website\",\"url\":\"https:\/\/brouilleursdecoutes.com\/\",\"name\":\"Les Brouilleurs d'Ecoutes\",\"description\":\"Chansons de mer &amp; Songs of the Sea  from La Rochelle, SW France\",\"publisher\":{\"@id\":\"https:\/\/brouilleursdecoutes.com\/#organization\"},\"potentialAction\":[{\"@type\":\"SearchAction\",\"target\":{\"@type\":\"EntryPoint\",\"urlTemplate\":\"https:\/\/brouilleursdecoutes.com\/?s={search_term_string}\"},\"query-input\":\"required name=search_term_string\"}],\"inLanguage\":\"fr-FR\"},{\"@type\":\"Organization\",\"@id\":\"https:\/\/brouilleursdecoutes.com\/#organization\",\"name\":\"Les Brouilleurs d'Ecoutes\",\"url\":\"https:\/\/brouilleursdecoutes.com\/\",\"logo\":{\"@type\":\"ImageObject\",\"inLanguage\":\"fr-FR\",\"@id\":\"https:\/\/brouilleursdecoutes.com\/#\/schema\/logo\/image\/\",\"url\":\"http:\/\/brouilleursdecoutes.com\/wp-content\/uploads\/2019\/12\/sticker.png\",\"contentUrl\":\"http:\/\/brouilleursdecoutes.com\/wp-content\/uploads\/2019\/12\/sticker.png\",\"width\":93,\"height\":91,\"caption\":\"Les Brouilleurs d'Ecoutes\"},\"image\":{\"@id\":\"https:\/\/brouilleursdecoutes.com\/#\/schema\/logo\/image\/\"},\"sameAs\":[\"https:\/\/www.facebook.com\/lesbrouilleurs4586\",\"https:\/\/twitter.com\/brouilleursdeco\",\"https:\/\/www.instagram.com\/lesbrouilleursdecoutes\/\",\"https:\/\/www.youtube.com\/channel\/UC9p6JWT8l5lRvhQgku5eJBA\"]}]}<\/script>\n<!-- \/ Yoast SEO plugin. -->","yoast_head_json":{"title":"Nos bord\u00e9es - Les Brouilleurs d&#039;Ecoutes","robots":{"index":"index","follow":"follow","max-snippet":"max-snippet:-1","max-image-preview":"max-image-preview:large","max-video-preview":"max-video-preview:-1"},"canonical":"https:\/\/brouilleursdecoutes.com\/?page_id=32","og_locale":"fr_FR","og_type":"article","og_title":"Nos bord\u00e9es - Les Brouilleurs d&#039;Ecoutes","og_description":"2025 2024 2023 2022 2021 2020 2019 2018 2017 2016 2015 2014 2013 2012 2011 2010 2009 2008","og_url":"https:\/\/brouilleursdecoutes.com\/?page_id=32","og_site_name":"Les Brouilleurs d&#039;Ecoutes","article_publisher":"https:\/\/www.facebook.com\/lesbrouilleurs4586","article_modified_time":"2026-01-21T07:36:25+00:00","twitter_card":"summary_large_image","twitter_site":"@brouilleursdeco","twitter_misc":{"Dur\u00e9e de lecture estim\u00e9e":"3 minutes"},"schema":{"@context":"https:\/\/schema.org","@graph":[{"@type":"WebPage","@id":"https:\/\/brouilleursdecoutes.com\/?page_id=32","url":"https:\/\/brouilleursdecoutes.com\/?page_id=32","name":"Nos bord\u00e9es - Les Brouilleurs d&#039;Ecoutes","isPartOf":{"@id":"https:\/\/brouilleursdecoutes.com\/#website"},"datePublished":"2019-12-16T20:03:33+00:00","dateModified":"2026-01-21T07:36:25+00:00","breadcrumb":{"@id":"https:\/\/brouilleursdecoutes.com\/?page_id=32#breadcrumb"},"inLanguage":"fr-FR","potentialAction":[{"@type":"ReadAction","target":["https:\/\/brouilleursdecoutes.com\/?page_id=32"]}]},{"@type":"BreadcrumbList","@id":"https:\/\/brouilleursdecoutes.com\/?page_id=32#breadcrumb","itemListElement":[{"@type":"ListItem","position":1,"name":"Home","item":"https:\/\/brouilleursdecoutes.com\/"},{"@type":"ListItem","position":2,"name":"Nos bord\u00e9es"}]},{"@type":"WebSite","@id":"https:\/\/brouilleursdecoutes.com\/#website","url":"https:\/\/brouilleursdecoutes.com\/","name":"Les Brouilleurs d'Ecoutes","description":"Chansons de mer &amp; Songs of the Sea  from La Rochelle, SW France","publisher":{"@id":"https:\/\/brouilleursdecoutes.com\/#organization"},"potentialAction":[{"@type":"SearchAction","target":{"@type":"EntryPoint","urlTemplate":"https:\/\/brouilleursdecoutes.com\/?s={search_term_string}"},"query-input":"required name=search_term_string"}],"inLanguage":"fr-FR"},{"@type":"Organization","@id":"https:\/\/brouilleursdecoutes.com\/#organization","name":"Les Brouilleurs d'Ecoutes","url":"https:\/\/brouilleursdecoutes.com\/","logo":{"@type":"ImageObject","inLanguage":"fr-FR","@id":"https:\/\/brouilleursdecoutes.com\/#\/schema\/logo\/image\/","url":"http:\/\/brouilleursdecoutes.com\/wp-content\/uploads\/2019\/12\/sticker.png","contentUrl":"http:\/\/brouilleursdecoutes.com\/wp-content\/uploads\/2019\/12\/sticker.png","width":93,"height":91,"caption":"Les Brouilleurs d'Ecoutes"},"image":{"@id":"https:\/\/brouilleursdecoutes.com\/#\/schema\/logo\/image\/"},"sameAs":["https:\/\/www.facebook.com\/lesbrouilleurs4586","https:\/\/twitter.com\/brouilleursdeco","https:\/\/www.instagram.com\/lesbrouilleursdecoutes\/","https:\/\/www.youtube.com\/channel\/UC9p6JWT8l5lRvhQgku5eJBA"]}]}},"jetpack_sharing_enabled":true,"_links":{"self":[{"href":"https:\/\/brouilleursdecoutes.com\/index.php?rest_route=\/wp\/v2\/pages\/32"}],"collection":[{"href":"https:\/\/brouilleursdecoutes.com\/index.php?rest_route=\/wp\/v2\/pages"}],"about":[{"href":"https:\/\/brouilleursdecoutes.com\/index.php?rest_route=\/wp\/v2\/types\/page"}],"author":[{"embeddable":true,"href":"https:\/\/brouilleursdecoutes.com\/index.php?rest_route=\/wp\/v2\/users\/1"}],"replies":[{"embeddable":true,"href":"https:\/\/brouilleursdecoutes.com\/index.php?rest_route=%2Fwp%2Fv2%2Fcomments&post=32"}],"version-history":[{"count":14,"href":"https:\/\/brouilleursdecoutes.com\/index.php?rest_route=\/wp\/v2\/pages\/32\/revisions"}],"predecessor-version":[{"id":1243,"href":"https:\/\/brouilleursdecoutes.com\/index.php?rest_route=\/wp\/v2\/pages\/32\/revisions\/1243"}],"wp:attachment":[{"href":"https:\/\/brouilleursdecoutes.com\/index.php?rest_route=%2Fwp%2Fv2%2Fmedia&parent=32"}],"curies":[{"name":"wp","href":"https:\/\/api.w.org\/{rel}","templated":true}]}}